{"id":4575,"date":"2026-04-30T10:52:29","date_gmt":"2026-04-30T07:52:29","guid":{"rendered":"https:\/\/arendaautobalti.md\/?page_id=4575"},"modified":"2026-04-30T10:54:03","modified_gmt":"2026-04-30T07:54:03","slug":"policy","status":"publish","type":"page","link":"https:\/\/arendaautobalti.md\/ro\/policy\/","title":{"rendered":"Politica de Confiden\u021bialitate"},"content":{"rendered":"\t\t<div data-elementor-type=\"wp-post\" data-elementor-id=\"4575\" class=\"elementor elementor-4575\">\n\t\t\t\t\t\t<section class=\"elementor-section elementor-top-section elementor-element elementor-element-3f66b5e elementor-section-boxed elementor-section-height-default elementor-section-height-default\" data-id=\"3f66b5e\" data-element_type=\"section\" data-e-type=\"section\">\n\t\t\t\t\t\t<div class=\"elementor-container elementor-column-gap-no\">\n\t\t\t\t\t<div class=\"elementor-column elementor-col-100 elementor-top-column elementor-element elementor-element-9182744\" data-id=\"9182744\" data-element_type=\"column\" data-e-type=\"column\">\n\t\t\t<div class=\"elementor-widget-wrap elementor-element-populated\">\n\t\t\t\t\t\t<div class=\"elementor-element elementor-element-c1e00e7 elementor-widget elementor-widget-ovacrs_heading1\" data-id=\"c1e00e7\" data-element_type=\"widget\" data-e-type=\"widget\" data-widget_type=\"ovacrs_heading1.default\">\n\t\t\t\t<div class=\"elementor-widget-container\">\n\t\t\t\t\t<div class=\"ovacrs_heading1  style1  text-left border_yes\"><h3 class=\"title\"><span>Politica de Confiden\u021bialitate<\/span><\/h3><div class=\"desc\"><p>Forsaj Auto (Autonord-Servicii SRL)<\/p><\/div><\/div>\t\t\t\t<\/div>\n\t\t\t\t<\/div>\n\t\t\t\t\t<\/div>\n\t\t<\/div>\n\t\t\t\t\t<\/div>\n\t\t<\/section>\n\t\t\t\t<section class=\"elementor-section elementor-top-section elementor-element elementor-element-5b5316f elementor-section-boxed elementor-section-height-default elementor-section-height-default\" data-id=\"5b5316f\" data-element_type=\"section\" data-e-type=\"section\">\n\t\t\t\t\t\t<div class=\"elementor-container elementor-column-gap-default\">\n\t\t\t\t\t<div class=\"elementor-column elementor-col-100 elementor-top-column elementor-element elementor-element-d4858d7\" data-id=\"d4858d7\" data-element_type=\"column\" data-e-type=\"column\">\n\t\t\t<div class=\"elementor-widget-wrap elementor-element-populated\">\n\t\t\t\t\t\t<div class=\"elementor-element elementor-element-d6497b3 elementor-widget elementor-widget-text-editor\" data-id=\"d6497b3\" data-element_type=\"widget\" data-e-type=\"widget\" data-widget_type=\"text-editor.default\">\n\t\t\t\t<div class=\"elementor-widget-container\">\n\t\t\t\t\t\t\t\t\t<p data-path-to-node=\"3\"><span data-path-to-node=\"3,0\">Prezenta Politic\u0103 de confiden\u021bialitate descrie modul \u00een care <b data-path-to-node=\"3,0\" data-index-in-node=\"61\">Autonord-Servicii SRL<\/b> colecteaz\u0103, utilizeaz\u0103 \u0219i protejeaz\u0103 informa\u021biile dumneavoastr\u0103 personale atunci c\u00e2nd utiliza\u021bi site-ul arendaautobalti.md.<\/span><\/p><div class=\"source-inline-chip-container ng-star-inserted\">\u00a0<\/div><hr data-path-to-node=\"4\" \/><p data-path-to-node=\"5\">\u00a0<\/p><h3 data-path-to-node=\"5,0\">1. Colectarea datelor cu caracter personal<\/h3><p>\u00a0<\/p><p data-path-to-node=\"6\"><span data-path-to-node=\"6,0\">Colect\u0103m informa\u021biile necesare pentru prestarea serviciilor de \u00eenchiriere auto, inclusiv:<\/span><\/p><div class=\"source-inline-chip-container ng-star-inserted\">\u00a0<\/div><ul data-path-to-node=\"7\"><li><p data-path-to-node=\"7,0,0\"><span data-path-to-node=\"7,0,0,0\"><b data-path-to-node=\"7,0,0,0\" data-index-in-node=\"0\">Identificare:<\/b> Numele, prenumele, seria \u0219i num\u0103rul buletinului de identitate, IDNP-ul.<\/span><\/p><div class=\"source-inline-chip-container ng-star-inserted\">\u00a0<\/div><\/li><li><p data-path-to-node=\"7,1,0\"><span data-path-to-node=\"7,1,0,0\"><b data-path-to-node=\"7,1,0,0\" data-index-in-node=\"0\">Conducere:<\/b> Datele din permisul de conducere.<\/span><\/p><div class=\"source-inline-chip-container ng-star-inserted\">\u00a0<\/div><\/li><li><p data-path-to-node=\"7,2,0\"><span data-path-to-node=\"7,2,0,0\"><b data-path-to-node=\"7,2,0,0\" data-index-in-node=\"0\">Contact:<\/b> Num\u0103rul de telefon, adresa de e-mail.<\/span><\/p><div class=\"source-inline-chip-container ng-star-inserted\">\u00a0<\/div><\/li><li><p data-path-to-node=\"7,3,0\"><span data-path-to-node=\"7,3,0,0\"><b data-path-to-node=\"7,3,0,0\" data-index-in-node=\"0\">Tehnice:<\/b> Adresa IP, tipul browserului \u0219i datele colectate prin fi\u0219ierele de tip cookie pentru \u00eembun\u0103t\u0103\u021birea experien\u021bei pe site.<\/span><\/p><div class=\"source-inline-chip-container ng-star-inserted\">\u00a0<\/div><\/li><\/ul><p data-path-to-node=\"8\">\u00a0<\/p><h3 data-path-to-node=\"8,0\">2. Scopul prelucr\u0103rii datelor<\/h3><p>\u00a0<\/p><p data-path-to-node=\"9\"><span data-path-to-node=\"9,0\">Datele dumneavoastr\u0103 sunt prelucrate \u00een urm\u0103toarele scopuri:<\/span><\/p><div class=\"source-inline-chip-container ng-star-inserted\">\u00a0<\/div><ul data-path-to-node=\"10\"><li><p data-path-to-node=\"10,0,0\"><span data-path-to-node=\"10,0,0,0\">Rezervarea automobilului \u0219i \u00eencheierea contractului de loca\u021biune.<\/span><\/p><div class=\"source-inline-chip-container ng-star-inserted\">\u00a0<\/div><\/li><li><p data-path-to-node=\"10,1,0\"><span data-path-to-node=\"10,1,0,0\">Comunicarea cu privire la starea rezerv\u0103rii dumneavoastr\u0103.<\/span><\/p><div class=\"source-inline-chip-container ng-star-inserted\">\u00a0<\/div><\/li><li><p data-path-to-node=\"10,2,0\"><span data-path-to-node=\"10,2,0,0\">Asigurarea securit\u0103\u021bii tranzac\u021biilor \u0219i prevenirea fraudelor.<\/span><\/p><div class=\"source-inline-chip-container ng-star-inserted\">\u00a0<\/div><\/li><li><p data-path-to-node=\"10,3,0\"><span data-path-to-node=\"10,3,0,0\">\u00cendeplinirea obliga\u021biilor legale \u0219i fiscale ale companiei.<\/span><\/p><div class=\"source-inline-chip-container ng-star-inserted\">\u00a0<\/div><\/li><\/ul><p data-path-to-node=\"11\">\u00a0<\/p><h3 data-path-to-node=\"11,0\">3. Protec\u021bia datelor<\/h3><p>\u00a0<\/p><p data-path-to-node=\"12\"><span data-path-to-node=\"12,0\"><b data-path-to-node=\"12,0\" data-index-in-node=\"0\">Autonord-Servicii SRL<\/b> implementeaz\u0103 m\u0103suri tehnice \u0219i organizatorice de securitate pentru a proteja datele dumneavoastr\u0103 \u00eempotriva accesului neautorizat, modific\u0103rii sau distrugerii acestora.<\/span><span data-path-to-node=\"12,2\"> Accesul la datele personale este permis doar angaja\u021bilor autoriza\u021bi care au nevoie de aceste informa\u021bii pentru a-\u0219i \u00eendeplini sarcinile de serviciu.<\/span><\/p><p data-path-to-node=\"13\">\u00a0<\/p><h3 data-path-to-node=\"13,0\">4. Partajarea datelor cu ter\u021bi<\/h3><p>\u00a0<\/p><p data-path-to-node=\"14\"><span data-path-to-node=\"14,0\">Nu vindem \u0219i nu \u00eenchiriem datele dumneavoastr\u0103 personale.<\/span><span data-path-to-node=\"14,2\"> Acestea pot fi transmise ter\u021bilor doar \u00een urm\u0103toarele cazuri:<\/span><\/p><ul data-path-to-node=\"15\"><li><p data-path-to-node=\"15,0,0\"><span data-path-to-node=\"15,0,0,0\">Autorit\u0103\u021bilor publice, la solicitarea acestora, conform legisla\u021biei \u00een vigoare.<\/span><\/p><div class=\"source-inline-chip-container ng-star-inserted\">\u00a0<\/div><\/li><li><p data-path-to-node=\"15,1,0\"><span data-path-to-node=\"15,1,0,0\">Companiilor de asigur\u0103ri \u00een cazul producerii unui accident rutier.<\/span><\/p><div class=\"source-inline-chip-container ng-star-inserted\">\u00a0<\/div><\/li><\/ul><p data-path-to-node=\"16\">\u00a0<\/p><h3 data-path-to-node=\"16,0\">5. Drepturile dumneavoastr\u0103<\/h3><p>\u00a0<\/p><p data-path-to-node=\"17\"><span data-path-to-node=\"17,0\">\u00cen conformitate cu Legea nr. 133 privind protec\u021bia datelor cu caracter personal, ave\u021bi urm\u0103toarele drepturi:<\/span><\/p><div class=\"source-inline-chip-container ng-star-inserted\">\u00a0<\/div><ul data-path-to-node=\"18\"><li><p data-path-to-node=\"18,0,0\"><span data-path-to-node=\"18,0,0,0\">Dreptul de acces la datele prelucrate.<\/span><\/p><div class=\"source-inline-chip-container ng-star-inserted\">\u00a0<\/div><\/li><li><p data-path-to-node=\"18,1,0\"><span data-path-to-node=\"18,1,0,0\">Dreptul de a solicita rectificarea sau actualizarea datelor incorecte.<\/span><\/p><div class=\"source-inline-chip-container ng-star-inserted\">\u00a0<\/div><\/li><li><p data-path-to-node=\"18,2,0\"><span data-path-to-node=\"18,2,0,0\">Dreptul de a solicita \u0219tergerea datelor (\u201edreptul de a fi uitat\u201d).<\/span><\/p><div class=\"source-inline-chip-container ng-star-inserted\">\u00a0<\/div><\/li><li><p data-path-to-node=\"18,3,0\"><span data-path-to-node=\"18,3,0,0\">Dreptul de a retrage consim\u021b\u0103m\u00e2ntul pentru prelucrarea datelor \u00een scopuri de marketing.<\/span><\/p><div class=\"source-inline-chip-container ng-star-inserted\">\u00a0<\/div><\/li><\/ul><p data-path-to-node=\"19\">\u00a0<\/p><h3 data-path-to-node=\"19,0\">6. Contacte<\/h3><p>\u00a0<\/p><p data-path-to-node=\"20\"><span data-path-to-node=\"20,0\">Pentru orice solicit\u0103ri legate de prelucrarea datelor personale, ne pute\u021bi contacta la:<\/span><\/p><div class=\"source-inline-chip-container ng-star-inserted\">\u00a0<\/div><p data-path-to-node=\"21\"><b data-path-to-node=\"21\" data-index-in-node=\"0\">Autonord-Servicii SRL<\/b><\/p><div class=\"source-inline-chip-container ng-star-inserted\">\u00a0<\/div><ul data-path-to-node=\"23\"><li><p data-path-to-node=\"23,0,0\"><span data-path-to-node=\"23,0,0,0\"><b data-path-to-node=\"23,0,0,0\" data-index-in-node=\"0\">Adres\u0103:<\/b> or. B\u0103l\u021bi, str. Decebal 42\/1<\/span><\/p><div class=\"source-inline-chip-container ng-star-inserted\">\u00a0<\/div><\/li><li><p data-path-to-node=\"23,1,0\"><span data-path-to-node=\"23,1,0,0\"><b data-path-to-node=\"23,1,0,0\" data-index-in-node=\"0\">Telefon:<\/b> +373 796 14 0 77<\/span><\/p><div class=\"source-inline-chip-container ng-star-inserted\">\u00a0<\/div><\/li><li><p id=\"p-rc_123c7fb58f811124-326\" data-path-to-node=\"23,2,0\"><span data-path-to-node=\"23,2,0,0\"><b data-path-to-node=\"23,2,0,0\" data-index-in-node=\"0\">Email:<\/b> info@arendaautobalti.md<\/span><\/p><\/li><\/ul>\t\t\t\t\t\t\t\t<\/div>\n\t\t\t\t<\/div>\n\t\t\t\t\t<\/div>\n\t\t<\/div>\n\t\t\t\t\t<\/div>\n\t\t<\/section>\n\t\t\t\t<section class=\"elementor-section elementor-top-section elementor-element elementor-element-0e1e425 elementor-section-boxed elementor-section-height-default elementor-section-height-default\" data-id=\"0e1e425\" data-element_type=\"section\" data-e-type=\"section\">\n\t\t\t\t\t\t<div class=\"elementor-container elementor-column-gap-default\">\n\t\t\t\t\t<div class=\"elementor-column elementor-col-100 elementor-top-column elementor-element elementor-element-adc18e8\" data-id=\"adc18e8\" data-element_type=\"column\" data-e-type=\"column\">\n\t\t\t<div class=\"elementor-widget-wrap elementor-element-populated\">\n\t\t\t\t\t\t<div class=\"elementor-element elementor-element-931f488 elementor-widget elementor-widget-ovacrs_btn_action\" data-id=\"931f488\" data-element_type=\"widget\" data-e-type=\"widget\" data-widget_type=\"ovacrs_btn_action.default\">\n\t\t\t\t<div class=\"elementor-widget-container\">\n\t\t\t\t\t<div class=\"ovacrs_btn_action center dark border_left\"><h3 class=\"title\">Chirie Auto Balti<\/h3><div class=\"desc\">+37379614077<\/div><a class=\"ireca_btn btn_tran\" href=\"tel:37379614077\" target=\"_blank\">Sunati Acum<\/a><\/div>\t\t\t\t<\/div>\n\t\t\t\t<\/div>\n\t\t\t\t\t<\/div>\n\t\t<\/div>\n\t\t\t\t\t<\/div>\n\t\t<\/section>\n\t\t\t\t<\/div>\n\t\t","protected":false},"excerpt":{"rendered":"<p>Politica de Confiden\u021bialitate Forsaj Auto (Autonord-Servicii SRL) Prezenta Politic\u0103 de confiden\u021bialitate descrie modul \u00een care Autonord-Servicii SRL colecteaz\u0103, utilizeaz\u0103 \u0219i protejeaz\u0103 informa\u021biile dumneavoastr\u0103 personale atunci c\u00e2nd utiliza\u021bi site-ul arendaautobalti.md. \u00a0 \u00a0 1. Colectarea datelor cu caracter personal \u00a0 Colect\u0103m informa\u021biile necesare pentru prestarea serviciilor de \u00eenchiriere auto, inclusiv: \u00a0 Identificare: Numele, prenumele, seria \u0219i num\u0103rul [&hellip;]<\/p>\n","protected":false},"author":1,"featured_media":0,"parent":0,"menu_order":0,"comment_status":"closed","ping_status":"closed","template":"templates\/home.php","meta":{"footnotes":""},"class_list":["post-4575","page","type-page","status-publish","hentry"],"aioseo_notices":[],"_links":{"self":[{"href":"https:\/\/arendaautobalti.md\/ro\/wp-json\/wp\/v2\/pages\/4575","targetHints":{"allow":["GET"]}}],"collection":[{"href":"https:\/\/arendaautobalti.md\/ro\/wp-json\/wp\/v2\/pages"}],"about":[{"href":"https:\/\/arendaautobalti.md\/ro\/wp-json\/wp\/v2\/types\/page"}],"author":[{"embeddable":true,"href":"https:\/\/arendaautobalti.md\/ro\/wp-json\/wp\/v2\/users\/1"}],"replies":[{"embeddable":true,"href":"https:\/\/arendaautobalti.md\/ro\/wp-json\/wp\/v2\/comments?post=4575"}],"version-history":[{"count":11,"href":"https:\/\/arendaautobalti.md\/ro\/wp-json\/wp\/v2\/pages\/4575\/revisions"}],"predecessor-version":[{"id":4736,"href":"https:\/\/arendaautobalti.md\/ro\/wp-json\/wp\/v2\/pages\/4575\/revisions\/4736"}],"wp:attachment":[{"href":"https:\/\/arendaautobalti.md\/ro\/wp-json\/wp\/v2\/media?parent=4575"}],"curies":[{"name":"wp","href":"https:\/\/api.w.org\/{rel}","templated":true}]}}