{"id":3934,"date":"2023-07-23T13:34:20","date_gmt":"2023-07-23T10:34:20","guid":{"rendered":"https:\/\/arendaautobalti.md\/?page_id=3934"},"modified":"2023-07-30T17:39:01","modified_gmt":"2023-07-30T14:39:01","slug":"inchiriere-apartament-balti","status":"publish","type":"page","link":"https:\/\/arendaautobalti.md\/ro\/inchiriere-apartament-balti\/","title":{"rendered":"Inchiriere apartament Balti"},"content":{"rendered":"\t\t<div data-elementor-type=\"wp-post\" data-elementor-id=\"3934\" class=\"elementor elementor-3934\">\n\t\t\t\t\t\t<section class=\"elementor-section elementor-top-section elementor-element elementor-element-3f66b5e elementor-section-boxed elementor-section-height-default elementor-section-height-default\" data-id=\"3f66b5e\" data-element_type=\"section\" data-e-type=\"section\">\n\t\t\t\t\t\t<div class=\"elementor-container elementor-column-gap-no\">\n\t\t\t\t\t<div class=\"elementor-column elementor-col-50 elementor-top-column elementor-element elementor-element-9182744\" data-id=\"9182744\" data-element_type=\"column\" data-e-type=\"column\">\n\t\t\t<div class=\"elementor-widget-wrap elementor-element-populated\">\n\t\t\t\t\t\t<div class=\"elementor-element elementor-element-c1e00e7 elementor-widget elementor-widget-ovacrs_heading1\" data-id=\"c1e00e7\" data-element_type=\"widget\" data-e-type=\"widget\" data-widget_type=\"ovacrs_heading1.default\">\n\t\t\t\t<div class=\"elementor-widget-container\">\n\t\t\t\t\t<div class=\"ovacrs_heading1  style1  text-left border_no\"><h3 class=\"title\"><span>Apartament de inchiriat fara intermediari<\/span><\/h3><div class=\"desc\"><p>Contacta\u021bi-ne la <strong><a href=\"tel:+373 78 077 072\">+373 78 077 072<\/a> <\/strong>Viber\/ WhatsApp\/ Telegram \u0219i rezerva\u021bi un <strong>apartament pentru o zi \u00een B\u0103l\u021bi<\/strong>. Suntem gata s\u0103 v\u0103 r\u0103spundem la toate \u00eentreb\u0103rile \u0219i s\u0103 v\u0103 asigur\u0103m un sejur pl\u0103cut \u00een frumosul nostru ora\u0219!<\/p><p><strong>Apartamentele pentru o zi din B\u0103l\u021bi<\/strong> vor fi, de asemenea, o alegere ideal\u0103 pentru turi\u0219tii medicali care vin pentru \u00eengrijiri stomatologice sau cosmetologice de calitate. Rezerv\u00e2nd \u00een avans <strong>apartamente confortabile pe o zi<\/strong>, v\u0103 pute\u021bi concentra pe deplin asupra procedurilor, \u0219tiind c\u0103 la sf\u00e2r\u0219itul zilei v\u0103 a\u0219teapt\u0103 o cas\u0103 confortabil\u0103, cu o baie amenajat\u0103, un pat confortabil \u00een dormitor. Clien\u021bii se pot a\u0219tepta la o maxim\u0103 satisfacere a nevoilor lor, f\u0103r\u0103 a fi nevoi\u021bi s\u0103 \u00eempart\u0103 spa\u021biul cu al\u021bi oaspe\u021bi, a\u0219a cum se \u00eent\u00e2mpl\u0103 \u00een cazul hotelurilor. <strong>\u00cenchirierea apartamentelor cu ora<\/strong> le permite clien\u021bilor s\u0103 se bucure de confort \u0219i lini\u0219te pe toat\u0103 durata \u0219ederii lor, deoarece compania se ocup\u0103 de cur\u0103\u021benie \u0219i ordine, astfel \u00eenc\u00e2t clien\u021bii s\u0103 se bucure de \u0219ederea lor \u00een ora\u0219ul nostru ospitalier. Acest tip de \u00eenchiriere este relevant \u0219i pentru cei care pre\u021buiesc intimitatea \u0219i confortul.<\/p><\/div><\/div>\t\t\t\t<\/div>\n\t\t\t\t<\/div>\n\t\t\t\t\t<\/div>\n\t\t<\/div>\n\t\t\t\t<div class=\"elementor-column elementor-col-50 elementor-top-column elementor-element elementor-element-d99d57c sidebar\" data-id=\"d99d57c\" data-element_type=\"column\" data-e-type=\"column\">\n\t\t\t<div class=\"elementor-widget-wrap elementor-element-populated\">\n\t\t\t\t\t\t<div class=\"elementor-element elementor-element-385a332 elementor-widget elementor-widget-sidebar\" data-id=\"385a332\" data-element_type=\"widget\" data-e-type=\"widget\" data-widget_type=\"sidebar.default\">\n\t\t\t\t<div class=\"elementor-widget-container\">\n\t\t\t\t\t<div id=\"custom_html-20\" class=\"widget_text widget woo_widget widget_custom_html\"><h4 class=\"widget-title\" >\u0410\u0440\u0435\u043d\u0434\u0430 \u043a\u0432\u0430\u0440\u0442\u0438\u0440\u044b <i class=\"icon_lifesaver\"><\/i><\/h4><div class=\"textwidget custom-html-widget\"><div class=\"rental_help\"><label>Viber\/ WhatsApp\/ Telegram<\/label><div class=\"wrap_phone\"><div class=\"phone\"> +373 78 077 072 <\/div><\/div><div class=\"wrap_mail\"><\/div><a href=\"tel: +373 78 077 072 \" target=\"_self\" class=\"ireca_btn btn_tran\">\u041f\u041e\u0417\u0412\u041e\u041d\u0418\u0422\u042c<\/a><\/div><\/div><\/div><div id=\"recent-posts-widget-with-thumbnails-1\" class=\"widget woo_widget recent-posts-widget-with-thumbnails\">\n<div id=\"rpwwt-recent-posts-widget-with-thumbnails-1\" class=\"rpwwt-widget\">\r\n<h4 class=\"widget-title\" >\u041a\u0432\u0430\u0440\u0442\u0438\u0440\u0430 \u0432 \u0411\u0435\u043b\u044c\u0446\u0430\u0445 <i class=\"icon_documents_alt\"><\/i><\/h4>\n\t<ul>\r\n\t\t<li><a href=\"https:\/\/arendaautobalti.md\/ro\/chirie-auto-balti\/chirie-apartamente-in-balti-la-zi-de-ce-este-mai-bine-decat-o-camera-la-hotel\/\"><img decoding=\"async\" width=\"75\" height=\"75\" src=\"https:\/\/arendaautobalti.md\/wp-content\/uploads\/2026\/01\/1f38ab3abb0040efb3b2f273c624a1ee-100x100.jpeg\" class=\"attachment-75x75 size-75x75 wp-post-image\" alt=\"\" srcset=\"https:\/\/arendaautobalti.md\/wp-content\/uploads\/2026\/01\/1f38ab3abb0040efb3b2f273c624a1ee-100x100.jpeg 100w, https:\/\/arendaautobalti.md\/wp-content\/uploads\/2026\/01\/1f38ab3abb0040efb3b2f273c624a1ee-150x150.jpeg 150w, https:\/\/arendaautobalti.md\/wp-content\/uploads\/2026\/01\/1f38ab3abb0040efb3b2f273c624a1ee-300x300.jpeg 300w\" sizes=\"(max-width: 75px) 100vw, 75px\" \/><span class=\"rpwwt-post-title\">Chirie apartamente \u00een B\u0103l\u021bi la zi: de ce este mai bine dec\u00e2t o camer\u0103 la hotel?<\/span><\/a><\/li>\r\n\t\t<li><a href=\"https:\/\/arendaautobalti.md\/ro\/apartament-in-chirie\/cazare-in-balti-cum-sa-economisiti-si-sa-beneficiati-de-maximum-de-confort\/\"><img decoding=\"async\" width=\"75\" height=\"75\" src=\"https:\/\/arendaautobalti.md\/wp-content\/uploads\/2026\/01\/5344577e-0df8-4823-bca5-49c56dfaceff-100x100.webp\" class=\"attachment-75x75 size-75x75 wp-post-image\" alt=\"\" srcset=\"https:\/\/arendaautobalti.md\/wp-content\/uploads\/2026\/01\/5344577e-0df8-4823-bca5-49c56dfaceff-100x100.webp 100w, https:\/\/arendaautobalti.md\/wp-content\/uploads\/2026\/01\/5344577e-0df8-4823-bca5-49c56dfaceff-150x150.webp 150w, https:\/\/arendaautobalti.md\/wp-content\/uploads\/2026\/01\/5344577e-0df8-4823-bca5-49c56dfaceff-300x300.webp 300w\" sizes=\"(max-width: 75px) 100vw, 75px\" \/><span class=\"rpwwt-post-title\">Cazare \u00een B\u0103l\u021bi: cum s\u0103 economisi\u021bi \u0219i s\u0103 beneficia\u021bi de maximum de confort?<\/span><\/a><\/li>\r\n\t\t<li><a href=\"https:\/\/arendaautobalti.md\/ro\/chirie-auto-balti\/apartamente-de-inchiriat-in-balti-confort-si-libertate-pentru-oaspetii-orasului\/\"><img decoding=\"async\" width=\"75\" height=\"75\" src=\"https:\/\/arendaautobalti.md\/wp-content\/uploads\/2023\/07\/4aab95cb7f3fdfb0e40141421167f242-100x100.jpg\" class=\"attachment-75x75 size-75x75 wp-post-image\" alt=\"\" srcset=\"https:\/\/arendaautobalti.md\/wp-content\/uploads\/2023\/07\/4aab95cb7f3fdfb0e40141421167f242-100x100.jpg 100w, https:\/\/arendaautobalti.md\/wp-content\/uploads\/2023\/07\/4aab95cb7f3fdfb0e40141421167f242-150x150.jpg 150w, https:\/\/arendaautobalti.md\/wp-content\/uploads\/2023\/07\/4aab95cb7f3fdfb0e40141421167f242-300x300.jpg 300w\" sizes=\"(max-width: 75px) 100vw, 75px\" \/><span class=\"rpwwt-post-title\">Apartamente de \u00eenchiriat \u00een B\u0103l\u021bi: confort \u0219i libertate pentru oaspe\u021bii ora\u0219ului<\/span><\/a><\/li>\r\n\t<\/ul>\r\n<\/div><!-- .rpwwt-widget -->\r\n<\/div>\t\t\t\t<\/div>\n\t\t\t\t<\/div>\n\t\t\t\t\t<\/div>\n\t\t<\/div>\n\t\t\t\t\t<\/div>\n\t\t<\/section>\n\t\t\t\t<section class=\"elementor-section elementor-top-section elementor-element elementor-element-5b5316f elementor-section-boxed elementor-section-height-default elementor-section-height-default\" data-id=\"5b5316f\" data-element_type=\"section\" data-e-type=\"section\">\n\t\t\t\t\t\t<div class=\"elementor-container elementor-column-gap-default\">\n\t\t\t\t\t<div class=\"elementor-column elementor-col-100 elementor-top-column elementor-element elementor-element-d4858d7\" data-id=\"d4858d7\" data-element_type=\"column\" data-e-type=\"column\">\n\t\t\t<div class=\"elementor-widget-wrap elementor-element-populated\">\n\t\t\t\t\t\t<div class=\"elementor-element elementor-element-d6497b3 elementor-widget elementor-widget-text-editor\" data-id=\"d6497b3\" data-element_type=\"widget\" data-e-type=\"widget\" data-widget_type=\"text-editor.default\">\n\t\t\t\t<div class=\"elementor-widget-container\">\n\t\t\t\t\t\t\t\t\t<p>B\u0103l\u021bi este un ora\u0219 \u00een curs de dezvoltare, iar rolul s\u0103u istoric de ora\u0219 comercial este p\u0103strat \u0219i ast\u0103zi, atr\u0103g\u00e2nd relocatori, oameni de afaceri \u0219i turi\u0219ti.<\/p><p>Indiferent de scopul pentru care vin oaspe\u021bii, problema <strong>\u00eenchirierii apartamentelor \u00een B\u0103l\u021bi<\/strong> r\u0103m\u00e2ne relevant\u0103 pentru toat\u0103 lumea. Dac\u0103 sunte\u021bi \u00een c\u0103utarea unei caz\u0103ri temporare ideale, unde v\u0103 pute\u021bi sim\u021bi ca acas\u0103, atunci <strong>apartamentele noastre booking<\/strong> sunt cea mai bun\u0103 alegere. Compania v\u0103 permite s\u0103 <strong>\u00eenchiria\u021bi un apartament \u00een B\u0103l\u021bi<\/strong> mobilat \u0219i complet echipat, potrivit pentru diferite nevoi.<\/p><p>Dac\u0103 trebuie s\u0103 petrece\u021bi c\u00e2teva zile \u00een B\u0103l\u021bi, ve\u021bi avea \u00eentotdeauna un loc de cazare confortabil \u0219i primitor, unde v\u0103 pute\u021bi sim\u021bi ca acas\u0103.<\/p><p>Aici ve\u021bi g\u0103si cazare cu un set complet de facilit\u0103\u021bi: o baie dotat\u0103, o buc\u0103t\u0103rie echipat\u0103 \u0219i un dormitor confortabil cu un pat moale.<\/p><p>Condi\u021biile noastre de \u00eenchiriere au o serie de avantaje fa\u021b\u0103 de hotelurile clasice. Clientul nu este limitat la o camer\u0103 mic\u0103 \u0219i nu \u00eemparte cazarea cu al\u021bi oaspe\u021bi. Rezervarea unui apartament v\u0103 permite s\u0103 economisi\u021bi la costul caz\u0103rii, <strong>pre\u021burile pentru \u00eenchirierea zilnic\u0103 a apartamentelor<\/strong> sunt disponibile pentru toat\u0103 lumea.<\/p>\t\t\t\t\t\t\t\t<\/div>\n\t\t\t\t<\/div>\n\t\t\t\t\t<\/div>\n\t\t<\/div>\n\t\t\t\t\t<\/div>\n\t\t<\/section>\n\t\t\t\t<\/div>\n\t\t","protected":false},"excerpt":{"rendered":"<p>Apartament de inchiriat fara intermediari Contacta\u021bi-ne la +373 78 077 072 Viber\/ WhatsApp\/ Telegram \u0219i rezerva\u021bi un apartament pentru o zi \u00een B\u0103l\u021bi. Suntem gata s\u0103 v\u0103 r\u0103spundem la toate \u00eentreb\u0103rile \u0219i s\u0103 v\u0103 asigur\u0103m un sejur pl\u0103cut \u00een frumosul nostru ora\u0219! Apartamentele pentru o zi din B\u0103l\u021bi vor fi, de asemenea, o alegere ideal\u0103 [&hellip;]<\/p>\n","protected":false},"author":1,"featured_media":3942,"parent":0,"menu_order":0,"comment_status":"closed","ping_status":"closed","template":"templates\/home.php","meta":{"footnotes":""},"class_list":["post-3934","page","type-page","status-publish","has-post-thumbnail","hentry"],"aioseo_notices":[],"_links":{"self":[{"href":"https:\/\/arendaautobalti.md\/ro\/wp-json\/wp\/v2\/pages\/3934","targetHints":{"allow":["GET"]}}],"collection":[{"href":"https:\/\/arendaautobalti.md\/ro\/wp-json\/wp\/v2\/pages"}],"about":[{"href":"https:\/\/arendaautobalti.md\/ro\/wp-json\/wp\/v2\/types\/page"}],"author":[{"embeddable":true,"href":"https:\/\/arendaautobalti.md\/ro\/wp-json\/wp\/v2\/users\/1"}],"replies":[{"embeddable":true,"href":"https:\/\/arendaautobalti.md\/ro\/wp-json\/wp\/v2\/comments?post=3934"}],"version-history":[{"count":14,"href":"https:\/\/arendaautobalti.md\/ro\/wp-json\/wp\/v2\/pages\/3934\/revisions"}],"predecessor-version":[{"id":4033,"href":"https:\/\/arendaautobalti.md\/ro\/wp-json\/wp\/v2\/pages\/3934\/revisions\/4033"}],"wp:featuredmedia":[{"embeddable":true,"href":"https:\/\/arendaautobalti.md\/ro\/wp-json\/wp\/v2\/media\/3942"}],"wp:attachment":[{"href":"https:\/\/arendaautobalti.md\/ro\/wp-json\/wp\/v2\/media?parent=3934"}],"curies":[{"name":"wp","href":"https:\/\/api.w.org\/{rel}","templated":true}]}}