{"id":3339,"date":"2021-09-13T23:45:17","date_gmt":"2021-09-13T20:45:17","guid":{"rendered":"https:\/\/arendaautobalti.md\/?page_id=3339"},"modified":"2021-09-13T23:48:40","modified_gmt":"2021-09-13T20:48:40","slug":"contacte","status":"publish","type":"page","link":"https:\/\/arendaautobalti.md\/ro\/contacte\/","title":{"rendered":"Contacte"},"content":{"rendered":"\t\t<div data-elementor-type=\"wp-post\" data-elementor-id=\"3339\" class=\"elementor elementor-3339\">\n\t\t\t\t\t\t<section class=\"elementor-section elementor-top-section elementor-element elementor-element-4adf354 elementor-section-boxed elementor-section-height-default elementor-section-height-default\" data-id=\"4adf354\" data-element_type=\"section\" data-e-type=\"section\">\n\t\t\t\t\t\t<div class=\"elementor-container elementor-column-gap-default\">\n\t\t\t\t\t<div class=\"elementor-column elementor-col-33 elementor-top-column elementor-element elementor-element-2ae0262\" data-id=\"2ae0262\" data-element_type=\"column\" data-e-type=\"column\">\n\t\t\t<div class=\"elementor-widget-wrap elementor-element-populated\">\n\t\t\t\t\t\t<div class=\"elementor-element elementor-element-163f74b elementor-widget elementor-widget-ovacrs_contact_box\" data-id=\"163f74b\" data-element_type=\"widget\" data-e-type=\"widget\" data-widget_type=\"ovacrs_contact_box.default\">\n\t\t\t\t<div class=\"elementor-widget-container\">\n\t\t\t\t\t<div class=\"ovacrs_contact_box  \"><div class=\"content\"><i class=\"flaticon-alarm-clock\"><\/i><div class=\"title\">Programul de lucru<\/div><div class=\"item\">Luni-Vineri: 9:00-21:00<\/div><div class=\"item\">S\u00e2mb\u0103t\u0103, duminic\u0103: 9:00-17:00<\/div><span class=\"line\"><\/span><\/div><\/div>\t\t\t\t<\/div>\n\t\t\t\t<\/div>\n\t\t\t\t\t<\/div>\n\t\t<\/div>\n\t\t\t\t<div class=\"elementor-column elementor-col-33 elementor-top-column elementor-element elementor-element-60fc13c\" data-id=\"60fc13c\" data-element_type=\"column\" data-e-type=\"column\">\n\t\t\t<div class=\"elementor-widget-wrap elementor-element-populated\">\n\t\t\t\t\t\t<div class=\"elementor-element elementor-element-325b9c1 elementor-widget elementor-widget-ovacrs_contact_box\" data-id=\"325b9c1\" data-element_type=\"widget\" data-e-type=\"widget\" data-widget_type=\"ovacrs_contact_box.default\">\n\t\t\t\t<div class=\"elementor-widget-container\">\n\t\t\t\t\t<div class=\"ovacrs_contact_box  \"><div class=\"content\"><i class=\"flaticon-placeholder-3\"><\/i><div class=\"title\">Adresa<\/div><div class=\"item\">str. Decebal 42\/1, Balti<\/div><div class=\"item\">Moldova<\/div><span class=\"line\"><\/span><\/div><\/div>\t\t\t\t<\/div>\n\t\t\t\t<\/div>\n\t\t\t\t\t<\/div>\n\t\t<\/div>\n\t\t\t\t<div class=\"elementor-column elementor-col-33 elementor-top-column elementor-element elementor-element-4e6aa9d\" data-id=\"4e6aa9d\" data-element_type=\"column\" data-e-type=\"column\">\n\t\t\t<div class=\"elementor-widget-wrap elementor-element-populated\">\n\t\t\t\t\t\t<div class=\"elementor-element elementor-element-bf60ac8 elementor-widget elementor-widget-ovacrs_contact_box\" data-id=\"bf60ac8\" data-element_type=\"widget\" data-e-type=\"widget\" data-widget_type=\"ovacrs_contact_box.default\">\n\t\t\t\t<div class=\"elementor-widget-container\">\n\t\t\t\t\t<div class=\"ovacrs_contact_box  \"><div class=\"content\"><i class=\"flaticon-smartphone-6\"><\/i><div class=\"title\">Email & Telefon<\/div><div class=\"item\">info@arendaautobalti.md<\/div><div class=\"item\">+373-796-14-077<\/div><span class=\"line\"><\/span><\/div><\/div>\t\t\t\t<\/div>\n\t\t\t\t<\/div>\n\t\t\t\t\t<\/div>\n\t\t<\/div>\n\t\t\t\t\t<\/div>\n\t\t<\/section>\n\t\t\t\t<section class=\"elementor-section elementor-top-section elementor-element elementor-element-1fa140e elementor-section-boxed elementor-section-height-default elementor-section-height-default\" data-id=\"1fa140e\" data-element_type=\"section\" data-e-type=\"section\">\n\t\t\t\t\t\t<div class=\"elementor-container elementor-column-gap-default\">\n\t\t\t\t\t<div class=\"elementor-column elementor-col-100 elementor-top-column elementor-element elementor-element-a389052\" data-id=\"a389052\" data-element_type=\"column\" data-e-type=\"column\">\n\t\t\t<div class=\"elementor-widget-wrap elementor-element-populated\">\n\t\t\t\t\t\t<div class=\"elementor-element elementor-element-de8886c elementor-widget elementor-widget-ovacrs_heading3\" data-id=\"de8886c\" data-element_type=\"widget\" data-e-type=\"widget\" data-widget_type=\"ovacrs_heading3.default\">\n\t\t\t\t<div class=\"elementor-widget-container\">\n\t\t\t\t\t<div class=\"ovacrs_heading3  text-center\"><h3 class=\"title border_yes\"><span>Lucr\u0103m pentru Dvs.<\/span><\/h3><div class=\"desc\"><p><span class=\"VIiyi\" lang=\"ro\"><span class=\"JLqJ4b ChMk0b\" data-language-for-alternatives=\"ro\" data-language-to-translate-into=\"ru\" data-phrase-index=\"0\">Scrie\u021bi-ne un mesaj dac\u0103 ave\u021bi \u00eentreb\u0103ri cu privire la rezervarea unei ma\u0219ini pe site-ul nostru!<\/span><\/span><\/p><\/div><\/div>\t\t\t\t<\/div>\n\t\t\t\t<\/div>\n\t\t\t\t\t<\/div>\n\t\t<\/div>\n\t\t\t\t\t<\/div>\n\t\t<\/section>\n\t\t\t\t<section class=\"elementor-section elementor-top-section elementor-element elementor-element-4f264cd elementor-section-boxed elementor-section-height-default elementor-section-height-default\" data-id=\"4f264cd\" data-element_type=\"section\" data-e-type=\"section\">\n\t\t\t\t\t\t<div class=\"elementor-container elementor-column-gap-default\">\n\t\t\t\t\t<div class=\"elementor-column elementor-col-100 elementor-top-column elementor-element elementor-element-0b2ce9d\" data-id=\"0b2ce9d\" data-element_type=\"column\" data-e-type=\"column\">\n\t\t\t<div class=\"elementor-widget-wrap elementor-element-populated\">\n\t\t\t\t\t\t<div class=\"elementor-element elementor-element-b5a9118 elementor-widget elementor-widget-shortcode\" data-id=\"b5a9118\" data-element_type=\"widget\" data-e-type=\"widget\" data-widget_type=\"shortcode.default\">\n\t\t\t\t<div class=\"elementor-widget-container\">\n\t\t\t\t\t\t\t<div class=\"elementor-shortcode\">[contact-form-7 id=\"2693\" title=\"Contact\"]<\/div>\n\t\t\t\t\t\t<\/div>\n\t\t\t\t<\/div>\n\t\t\t\t\t<\/div>\n\t\t<\/div>\n\t\t\t\t\t<\/div>\n\t\t<\/section>\n\t\t\t\t<\/div>\n\t\t","protected":false},"excerpt":{"rendered":"<p>Programul de lucruLuni-Vineri: 9:00-21:00S\u00e2mb\u0103t\u0103, duminic\u0103: 9:00-17:00 Adresastr. Decebal 42\/1, BaltiMoldova Email &#038; Telefoninfo@arendaautobalti.md+373-796-14-077 Lucr\u0103m pentru Dvs. Scrie\u021bi-ne un mesaj dac\u0103 ave\u021bi \u00eentreb\u0103ri cu privire la rezervarea unei ma\u0219ini pe site-ul nostru! [contact-form-7 id=&#8221;2693&#8243; title=&#8221;Contact&#8221;]<\/p>\n","protected":false},"author":1,"featured_media":0,"parent":0,"menu_order":0,"comment_status":"closed","ping_status":"closed","template":"templates\/home.php","meta":{"footnotes":""},"class_list":["post-3339","page","type-page","status-publish","hentry"],"aioseo_notices":[],"_links":{"self":[{"href":"https:\/\/arendaautobalti.md\/ro\/wp-json\/wp\/v2\/pages\/3339","targetHints":{"allow":["GET"]}}],"collection":[{"href":"https:\/\/arendaautobalti.md\/ro\/wp-json\/wp\/v2\/pages"}],"about":[{"href":"https:\/\/arendaautobalti.md\/ro\/wp-json\/wp\/v2\/types\/page"}],"author":[{"embeddable":true,"href":"https:\/\/arendaautobalti.md\/ro\/wp-json\/wp\/v2\/users\/1"}],"replies":[{"embeddable":true,"href":"https:\/\/arendaautobalti.md\/ro\/wp-json\/wp\/v2\/comments?post=3339"}],"version-history":[{"count":9,"href":"https:\/\/arendaautobalti.md\/ro\/wp-json\/wp\/v2\/pages\/3339\/revisions"}],"predecessor-version":[{"id":3348,"href":"https:\/\/arendaautobalti.md\/ro\/wp-json\/wp\/v2\/pages\/3339\/revisions\/3348"}],"wp:attachment":[{"href":"https:\/\/arendaautobalti.md\/ro\/wp-json\/wp\/v2\/media?parent=3339"}],"curies":[{"name":"wp","href":"https:\/\/api.w.org\/{rel}","templated":true}]}}